{"id":9,"date":"2025-12-09T10:51:16","date_gmt":"2025-12-09T10:51:16","guid":{"rendered":"https:\/\/autolavadosstz.rkinformatika.online\/?page_id=9"},"modified":"2025-12-12T11:47:18","modified_gmt":"2025-12-12T11:47:18","slug":"inicio","status":"publish","type":"page","link":"https:\/\/autolavadosstz.es\/eu\/","title":{"rendered":"Hasiera"},"content":{"rendered":"\t\t<div data-elementor-type=\"wp-page\" data-elementor-id=\"9\" class=\"elementor elementor-9\" data-elementor-post-type=\"page\">\n\t\t\t\t<div class=\"elementor-element elementor-element-f078ef4 e-con-full e-flex elementor-invisible e-con e-parent\" data-id=\"f078ef4\" data-element_type=\"container\" data-e-type=\"container\" data-settings=\"{&quot;background_background&quot;:&quot;classic&quot;,&quot;background_motion_fx_motion_fx_scrolling&quot;:&quot;yes&quot;,&quot;animation&quot;:&quot;fadeIn&quot;,&quot;background_motion_fx_devices&quot;:[&quot;desktop&quot;,&quot;tablet&quot;,&quot;mobile&quot;]}\">\n\t\t<div class=\"elementor-element elementor-element-9126b99 e-flex e-con-boxed e-con e-child\" data-id=\"9126b99\" data-element_type=\"container\" data-e-type=\"container\">\n\t\t\t\t\t<div class=\"e-con-inner\">\n\t\t\t\t<div class=\"elementor-element elementor-element-f1a6132 animated-slow elementor-widget__width-initial elementor-invisible elementor-widget elementor-widget-heading\" data-id=\"f1a6132\" data-element_type=\"widget\" data-e-type=\"widget\" data-settings=\"{&quot;_animation&quot;:&quot;fadeInDown&quot;}\" data-widget_type=\"heading.default\">\n\t\t\t\t\t<h2 class=\"elementor-heading-title elementor-size-default\">El cuidado que su veh\u00edculo merece, con confianza y profesionalidad.<\/h2>\t\t\t\t<\/div>\n\t\t\t\t\t<\/div>\n\t\t\t\t<\/div>\n\t\t\t\t<\/div>\n\t\t<div class=\"elementor-element elementor-element-7ce2b05 e-flex e-con-boxed e-con e-parent\" data-id=\"7ce2b05\" data-element_type=\"container\" data-e-type=\"container\">\n\t\t\t\t\t<div class=\"e-con-inner\">\n\t\t<div class=\"elementor-element elementor-element-b8907fd e-con-full e-flex elementor-invisible e-con e-child\" data-id=\"b8907fd\" data-element_type=\"container\" data-e-type=\"container\" data-settings=\"{&quot;animation&quot;:&quot;fadeInLeft&quot;}\">\n\t\t<div class=\"elementor-element elementor-element-5446df2 e-con-full e-flex e-con e-child\" data-id=\"5446df2\" data-element_type=\"container\" data-e-type=\"container\">\n\t\t\t\t<div class=\"elementor-element elementor-element-f5982a3 elementor-widget elementor-widget-heading\" data-id=\"f5982a3\" data-element_type=\"widget\" data-e-type=\"widget\" data-widget_type=\"heading.default\">\n\t\t\t\t\t<h2 class=\"elementor-heading-title elementor-size-default\">Sobre  Nosotros:<\/h2>\t\t\t\t<\/div>\n\t\t\t\t<div class=\"elementor-element elementor-element-ff7e1eb elementor-widget-mobile__width-initial elementor-widget elementor-widget-text-editor\" data-id=\"ff7e1eb\" data-element_type=\"widget\" data-e-type=\"widget\" data-widget_type=\"text-editor.default\">\n\t\t\t\t\t\t\t\t\t<p>En Autolavados STZ nos dedicamos al lavado e higienizaci\u00f3n de veh\u00edculos y motos, realizando limpiezas completas, tapicer\u00edas, pulidos y petrolado de motores. Ofrecemos recogida y entrega gratuita, trabajando tanto con empresas \u2014incluyendo el Ayuntamiento y compa\u00f1\u00edas del Puerto de Santurtzi\u2014 como con clientes particulares de toda Bizkaia.<\/p><p>Destacamos por la puntualidad, el orden y el detalle en cada servicio. Puede ver nuestro trabajo en TikTok, Instagram y Google Maps.<\/p><p>Tambi\u00e9n ofrecemos ambientadores y otros productos, y si el cliente necesita algo espec\u00edfico, lo gestionamos con nuestro proveedor.<\/p><p>En Autolavados STZ, su veh\u00edculo recibe el cuidado que merece.<\/p>\t\t\t\t\t\t\t\t<\/div>\n\t\t\t\t<\/div>\n\t\t\t\t<\/div>\n\t\t<div class=\"elementor-element elementor-element-a13a71b e-con-full e-flex elementor-invisible e-con e-child\" data-id=\"a13a71b\" data-element_type=\"container\" data-e-type=\"container\" data-settings=\"{&quot;animation&quot;:&quot;fadeInRight&quot;}\">\n\t\t\t\t<div class=\"elementor-element elementor-element-e739253 elementor-widget elementor-widget-image\" data-id=\"e739253\" data-element_type=\"widget\" data-e-type=\"widget\" data-widget_type=\"image.default\">\n\t\t\t\t\t\t\t\t\t\t\t\t\t\t\t<img fetchpriority=\"high\" decoding=\"async\" width=\"800\" height=\"800\" src=\"https:\/\/autolavadosstz.es\/wp-content\/uploads\/2025\/12\/Diseno-sin-titulo-1-1024x1024.png\" class=\"attachment-large size-large wp-image-74\" alt=\"\" srcset=\"https:\/\/autolavadosstz.es\/wp-content\/uploads\/2025\/12\/Diseno-sin-titulo-1-1024x1024.png 1024w, https:\/\/autolavadosstz.es\/wp-content\/uploads\/2025\/12\/Diseno-sin-titulo-1-300x300.png 300w, https:\/\/autolavadosstz.es\/wp-content\/uploads\/2025\/12\/Diseno-sin-titulo-1-150x150.png 150w, https:\/\/autolavadosstz.es\/wp-content\/uploads\/2025\/12\/Diseno-sin-titulo-1-768x768.png 768w, https:\/\/autolavadosstz.es\/wp-content\/uploads\/2025\/12\/Diseno-sin-titulo-1-12x12.png 12w, https:\/\/autolavadosstz.es\/wp-content\/uploads\/2025\/12\/Diseno-sin-titulo-1.png 1080w\" sizes=\"(max-width: 800px) 100vw, 800px\" \/>\t\t\t\t\t\t\t\t\t\t\t\t\t\t\t<\/div>\n\t\t\t\t<\/div>\n\t\t\t\t\t<\/div>\n\t\t\t\t<\/div>\n\t\t<div class=\"elementor-element elementor-element-529c0f8 e-con-full e-flex elementor-invisible e-con e-parent\" data-id=\"529c0f8\" data-element_type=\"container\" data-e-type=\"container\" data-settings=\"{&quot;background_background&quot;:&quot;classic&quot;,&quot;background_motion_fx_motion_fx_scrolling&quot;:&quot;yes&quot;,&quot;animation&quot;:&quot;fadeIn&quot;,&quot;background_motion_fx_devices&quot;:[&quot;desktop&quot;,&quot;tablet&quot;,&quot;mobile&quot;]}\">\n\t\t<div class=\"elementor-element elementor-element-d65db60 e-flex e-con-boxed e-con e-child\" data-id=\"d65db60\" data-element_type=\"container\" data-e-type=\"container\">\n\t\t\t\t\t<div class=\"e-con-inner\">\n\t\t\t\t<div class=\"elementor-element elementor-element-d9378ab animated-slow elementor-widget__width-initial elementor-invisible elementor-widget elementor-widget-heading\" data-id=\"d9378ab\" data-element_type=\"widget\" data-e-type=\"widget\" data-settings=\"{&quot;_animation&quot;:&quot;fadeInDown&quot;}\" data-widget_type=\"heading.default\">\n\t\t\t\t\t<h2 class=\"elementor-heading-title elementor-size-default\">Servicio puntual, seguro y de calidad.<\/h2>\t\t\t\t<\/div>\n\t\t\t\t\t<\/div>\n\t\t\t\t<\/div>\n\t\t\t\t<div class=\"elementor-element elementor-element-d708f7b elementor-align-center animated-slow elementor-invisible elementor-widget elementor-widget-button\" data-id=\"d708f7b\" data-element_type=\"widget\" data-e-type=\"widget\" data-settings=\"{&quot;_animation&quot;:&quot;fadeInLeft&quot;}\" data-widget_type=\"button.default\">\n\t\t\t\t\t\t\t\t\t\t<a class=\"elementor-button elementor-button-link elementor-size-sm\" href=\"https:\/\/autolavadosstz.es\/servicios\/\">\n\t\t\t\t\t\t<span class=\"elementor-button-content-wrapper\">\n\t\t\t\t\t\t\t\t\t<span class=\"elementor-button-text\">SERVICIOS<\/span>\n\t\t\t\t\t<\/span>\n\t\t\t\t\t<\/a>\n\t\t\t\t\t\t\t\t<\/div>\n\t\t\t\t<\/div>\n\t\t\t\t<\/div>\n\t\t","protected":false},"excerpt":{"rendered":"<p>El cuidado que su veh\u00edculo merece, con confianza y profesionalidad. Sobre Nosotros: En Autolavados STZ nos dedicamos al lavado e higienizaci\u00f3n de veh\u00edculos y motos, realizando limpiezas completas, tapicer\u00edas, pulidos y petrolado de motores. Ofrecemos recogida y entrega gratuita, trabajando tanto con empresas \u2014incluyendo el Ayuntamiento y compa\u00f1\u00edas del Puerto de Santurtzi\u2014 como con clientes [&hellip;]<\/p>\n","protected":false},"author":1,"featured_media":0,"parent":0,"menu_order":0,"comment_status":"closed","ping_status":"closed","template":"elementor_canvas","meta":{"footnotes":""},"class_list":["post-9","page","type-page","status-publish","hentry"],"yoast_head":"<!-- This site is optimized with the Yoast SEO plugin v27.5 - https:\/\/yoast.com\/product\/yoast-seo-wordpress\/ -->\n<title>Inicio - Autolavados STZ<\/title>\n<meta name=\"robots\" content=\"index, follow, max-snippet:-1, max-image-preview:large, max-video-preview:-1\" \/>\n<link rel=\"canonical\" href=\"https:\/\/autolavadosstz.es\/eu\/\" \/>\n<meta property=\"og:locale\" content=\"en_US\" \/>\n<meta property=\"og:type\" content=\"article\" \/>\n<meta property=\"og:title\" content=\"Inicio - Autolavados STZ\" \/>\n<meta property=\"og:description\" content=\"El cuidado que su veh\u00edculo merece, con confianza y profesionalidad. Sobre Nosotros: En Autolavados STZ nos dedicamos al lavado e higienizaci\u00f3n de veh\u00edculos y motos, realizando limpiezas completas, tapicer\u00edas, pulidos y petrolado de motores. Ofrecemos recogida y entrega gratuita, trabajando tanto con empresas \u2014incluyendo el Ayuntamiento y compa\u00f1\u00edas del Puerto de Santurtzi\u2014 como con clientes [&hellip;]\" \/>\n<meta property=\"og:url\" content=\"https:\/\/autolavadosstz.es\/eu\/\" \/>\n<meta property=\"og:site_name\" content=\"Autolavados STZ\" \/>\n<meta property=\"article:modified_time\" content=\"2025-12-12T11:47:18+00:00\" \/>\n<meta property=\"og:image\" content=\"https:\/\/autolavadosstz.es\/wp-content\/uploads\/2025\/12\/Diseno-sin-titulo-1-1024x1024.png\" \/>\n<meta name=\"twitter:card\" content=\"summary_large_image\" \/>\n<meta name=\"twitter:label1\" content=\"Est. reading time\" \/>\n\t<meta name=\"twitter:data1\" content=\"1 minutua\" \/>\n<script type=\"application\/ld+json\" class=\"yoast-schema-graph\">{\"@context\":\"https:\\\/\\\/schema.org\",\"@graph\":[{\"@type\":\"WebPage\",\"@id\":\"https:\\\/\\\/autolavadosstz.es\\\/\",\"url\":\"https:\\\/\\\/autolavadosstz.es\\\/\",\"name\":\"Inicio - Autolavados STZ\",\"isPartOf\":{\"@id\":\"https:\\\/\\\/autolavadosstz.es\\\/#website\"},\"primaryImageOfPage\":{\"@id\":\"https:\\\/\\\/autolavadosstz.es\\\/#primaryimage\"},\"image\":{\"@id\":\"https:\\\/\\\/autolavadosstz.es\\\/#primaryimage\"},\"thumbnailUrl\":\"https:\\\/\\\/autolavadosstz.es\\\/wp-content\\\/uploads\\\/2025\\\/12\\\/Diseno-sin-titulo-1-1024x1024.png\",\"datePublished\":\"2025-12-09T10:51:16+00:00\",\"dateModified\":\"2025-12-12T11:47:18+00:00\",\"breadcrumb\":{\"@id\":\"https:\\\/\\\/autolavadosstz.es\\\/#breadcrumb\"},\"inLanguage\":\"eu\",\"potentialAction\":[{\"@type\":\"ReadAction\",\"target\":[\"https:\\\/\\\/autolavadosstz.es\\\/\"]}]},{\"@type\":\"ImageObject\",\"inLanguage\":\"eu\",\"@id\":\"https:\\\/\\\/autolavadosstz.es\\\/#primaryimage\",\"url\":\"https:\\\/\\\/autolavadosstz.es\\\/wp-content\\\/uploads\\\/2025\\\/12\\\/Diseno-sin-titulo-1-1024x1024.png\",\"contentUrl\":\"https:\\\/\\\/autolavadosstz.es\\\/wp-content\\\/uploads\\\/2025\\\/12\\\/Diseno-sin-titulo-1-1024x1024.png\"},{\"@type\":\"BreadcrumbList\",\"@id\":\"https:\\\/\\\/autolavadosstz.es\\\/#breadcrumb\",\"itemListElement\":[{\"@type\":\"ListItem\",\"position\":1,\"name\":\"Portada\",\"item\":\"https:\\\/\\\/autolavadosstz.es\\\/\"},{\"@type\":\"ListItem\",\"position\":2,\"name\":\"Inicio\"}]},{\"@type\":\"WebSite\",\"@id\":\"https:\\\/\\\/autolavadosstz.es\\\/#website\",\"url\":\"https:\\\/\\\/autolavadosstz.es\\\/\",\"name\":\"Autolavados STZ\",\"description\":\"Lavados de veh\u00edculos\",\"publisher\":{\"@id\":\"https:\\\/\\\/autolavadosstz.es\\\/#organization\"},\"potentialAction\":[{\"@type\":\"SearchAction\",\"target\":{\"@type\":\"EntryPoint\",\"urlTemplate\":\"https:\\\/\\\/autolavadosstz.es\\\/?s={search_term_string}\"},\"query-input\":{\"@type\":\"PropertyValueSpecification\",\"valueRequired\":true,\"valueName\":\"search_term_string\"}}],\"inLanguage\":\"eu\"},{\"@type\":\"Organization\",\"@id\":\"https:\\\/\\\/autolavadosstz.es\\\/#organization\",\"name\":\"Autolavados STZ\",\"url\":\"https:\\\/\\\/autolavadosstz.es\\\/\",\"logo\":{\"@type\":\"ImageObject\",\"inLanguage\":\"eu\",\"@id\":\"https:\\\/\\\/autolavadosstz.es\\\/#\\\/schema\\\/logo\\\/image\\\/\",\"url\":\"https:\\\/\\\/autolavadosstz.es\\\/wp-content\\\/uploads\\\/2025\\\/12\\\/cropped-autolavadosspz202510_logoarriba.jpg\",\"contentUrl\":\"https:\\\/\\\/autolavadosstz.es\\\/wp-content\\\/uploads\\\/2025\\\/12\\\/cropped-autolavadosspz202510_logoarriba.jpg\",\"width\":358,\"height\":408,\"caption\":\"Autolavados STZ\"},\"image\":{\"@id\":\"https:\\\/\\\/autolavadosstz.es\\\/#\\\/schema\\\/logo\\\/image\\\/\"}}]}<\/script>\n<!-- \/ Yoast SEO plugin. -->","yoast_head_json":{"title":"Inicio - Autolavados STZ","robots":{"index":"index","follow":"follow","max-snippet":"max-snippet:-1","max-image-preview":"max-image-preview:large","max-video-preview":"max-video-preview:-1"},"canonical":"https:\/\/autolavadosstz.es\/eu\/","og_locale":"en_US","og_type":"article","og_title":"Inicio - Autolavados STZ","og_description":"El cuidado que su veh\u00edculo merece, con confianza y profesionalidad. Sobre Nosotros: En Autolavados STZ nos dedicamos al lavado e higienizaci\u00f3n de veh\u00edculos y motos, realizando limpiezas completas, tapicer\u00edas, pulidos y petrolado de motores. Ofrecemos recogida y entrega gratuita, trabajando tanto con empresas \u2014incluyendo el Ayuntamiento y compa\u00f1\u00edas del Puerto de Santurtzi\u2014 como con clientes [&hellip;]","og_url":"https:\/\/autolavadosstz.es\/eu\/","og_site_name":"Autolavados STZ","article_modified_time":"2025-12-12T11:47:18+00:00","og_image":[{"url":"https:\/\/autolavadosstz.es\/wp-content\/uploads\/2025\/12\/Diseno-sin-titulo-1-1024x1024.png","type":"","width":"","height":""}],"twitter_card":"summary_large_image","twitter_misc":{"Est. reading time":"1 minutua"},"schema":{"@context":"https:\/\/schema.org","@graph":[{"@type":"WebPage","@id":"https:\/\/autolavadosstz.es\/","url":"https:\/\/autolavadosstz.es\/","name":"Inicio - Autolavados STZ","isPartOf":{"@id":"https:\/\/autolavadosstz.es\/#website"},"primaryImageOfPage":{"@id":"https:\/\/autolavadosstz.es\/#primaryimage"},"image":{"@id":"https:\/\/autolavadosstz.es\/#primaryimage"},"thumbnailUrl":"https:\/\/autolavadosstz.es\/wp-content\/uploads\/2025\/12\/Diseno-sin-titulo-1-1024x1024.png","datePublished":"2025-12-09T10:51:16+00:00","dateModified":"2025-12-12T11:47:18+00:00","breadcrumb":{"@id":"https:\/\/autolavadosstz.es\/#breadcrumb"},"inLanguage":"eu","potentialAction":[{"@type":"ReadAction","target":["https:\/\/autolavadosstz.es\/"]}]},{"@type":"ImageObject","inLanguage":"eu","@id":"https:\/\/autolavadosstz.es\/#primaryimage","url":"https:\/\/autolavadosstz.es\/wp-content\/uploads\/2025\/12\/Diseno-sin-titulo-1-1024x1024.png","contentUrl":"https:\/\/autolavadosstz.es\/wp-content\/uploads\/2025\/12\/Diseno-sin-titulo-1-1024x1024.png"},{"@type":"BreadcrumbList","@id":"https:\/\/autolavadosstz.es\/#breadcrumb","itemListElement":[{"@type":"ListItem","position":1,"name":"Portada","item":"https:\/\/autolavadosstz.es\/"},{"@type":"ListItem","position":2,"name":"Inicio"}]},{"@type":"WebSite","@id":"https:\/\/autolavadosstz.es\/#website","url":"https:\/\/autolavadosstz.es\/","name":"Autolavados STZ","description":"Lavados de veh\u00edculos","publisher":{"@id":"https:\/\/autolavadosstz.es\/#organization"},"potentialAction":[{"@type":"SearchAction","target":{"@type":"EntryPoint","urlTemplate":"https:\/\/autolavadosstz.es\/?s={search_term_string}"},"query-input":{"@type":"PropertyValueSpecification","valueRequired":true,"valueName":"search_term_string"}}],"inLanguage":"eu"},{"@type":"Organization","@id":"https:\/\/autolavadosstz.es\/#organization","name":"Autolavados STZ","url":"https:\/\/autolavadosstz.es\/","logo":{"@type":"ImageObject","inLanguage":"eu","@id":"https:\/\/autolavadosstz.es\/#\/schema\/logo\/image\/","url":"https:\/\/autolavadosstz.es\/wp-content\/uploads\/2025\/12\/cropped-autolavadosspz202510_logoarriba.jpg","contentUrl":"https:\/\/autolavadosstz.es\/wp-content\/uploads\/2025\/12\/cropped-autolavadosspz202510_logoarriba.jpg","width":358,"height":408,"caption":"Autolavados STZ"},"image":{"@id":"https:\/\/autolavadosstz.es\/#\/schema\/logo\/image\/"}}]}},"_links":{"self":[{"href":"https:\/\/autolavadosstz.es\/eu\/wp-json\/wp\/v2\/pages\/9","targetHints":{"allow":["GET"]}}],"collection":[{"href":"https:\/\/autolavadosstz.es\/eu\/wp-json\/wp\/v2\/pages"}],"about":[{"href":"https:\/\/autolavadosstz.es\/eu\/wp-json\/wp\/v2\/types\/page"}],"author":[{"embeddable":true,"href":"https:\/\/autolavadosstz.es\/eu\/wp-json\/wp\/v2\/users\/1"}],"replies":[{"embeddable":true,"href":"https:\/\/autolavadosstz.es\/eu\/wp-json\/wp\/v2\/comments?post=9"}],"version-history":[{"count":34,"href":"https:\/\/autolavadosstz.es\/eu\/wp-json\/wp\/v2\/pages\/9\/revisions"}],"predecessor-version":[{"id":314,"href":"https:\/\/autolavadosstz.es\/eu\/wp-json\/wp\/v2\/pages\/9\/revisions\/314"}],"wp:attachment":[{"href":"https:\/\/autolavadosstz.es\/eu\/wp-json\/wp\/v2\/media?parent=9"}],"curies":[{"name":"wp","href":"https:\/\/api.w.org\/{rel}","templated":true}]}}